{"id":1678,"date":"2021-10-03T07:48:30","date_gmt":"2021-10-03T05:48:30","guid":{"rendered":"https:\/\/www.simonamacorova.com\/contact\/"},"modified":"2025-06-13T16:38:53","modified_gmt":"2025-06-13T14:38:53","slug":"contact","status":"publish","type":"page","link":"https:\/\/www.simonamacorova.com\/en\/contact\/","title":{"rendered":"Contact"},"content":{"rendered":"\t\t<div data-elementor-type=\"wp-page\" data-elementor-id=\"1678\" class=\"elementor elementor-1678 elementor-106\">\n\t\t\t\t\t\t<section class=\"elementor-section elementor-top-section elementor-element elementor-element-f533b07 elementor-section-height-min-height elementor-section-boxed elementor-section-height-default elementor-section-items-middle\" data-id=\"f533b07\" data-element_type=\"section\" data-settings=\"{&quot;background_background&quot;:&quot;classic&quot;}\">\n\t\t\t\t\t\t<div class=\"elementor-container elementor-column-gap-no\">\n\t\t\t\t\t<div class=\"aux-parallax-section elementor-column elementor-col-100 elementor-top-column elementor-element elementor-element-f0db719\" data-id=\"f0db719\" data-element_type=\"column\">\n\t\t\t<div class=\"elementor-widget-wrap elementor-element-populated\">\n\t\t\t\t\t\t<div class=\"elementor-element elementor-element-f626e7e aux-appear-watch-animation aux-slide-from-top elementor-widget elementor-widget-aux_modern_heading\" data-id=\"f626e7e\" data-element_type=\"widget\" data-widget_type=\"aux_modern_heading.default\">\n\t\t\t\t<div class=\"elementor-widget-container\">\n\t\t\t\t\t<section class=\"aux-widget-modern-heading\">\n            <div class=\"aux-widget-inner\"><h2 class=\"aux-modern-heading-primary\">Contact<\/h2><div class=\"aux-modern-heading-description\"><p>Simona Ma\u010dorov\u00e1 - couple and sex coaching<\/p>\n<\/div><\/div>\n        <\/section>\t\t\t\t<\/div>\n\t\t\t\t<\/div>\n\t\t\t\t\t<\/div>\n\t\t<\/div>\n\t\t\t\t\t<\/div>\n\t\t<\/section>\n\t\t\t\t<section class=\"elementor-section elementor-top-section elementor-element elementor-element-70563b0 elementor-section-boxed elementor-section-height-default elementor-section-height-default\" data-id=\"70563b0\" data-element_type=\"section\">\n\t\t\t\t\t\t<div class=\"elementor-container elementor-column-gap-no\">\n\t\t\t\t\t<div class=\"aux-parallax-section elementor-column elementor-col-50 elementor-top-column elementor-element elementor-element-9d198b5\" data-id=\"9d198b5\" data-element_type=\"column\">\n\t\t\t<div class=\"elementor-widget-wrap elementor-element-populated\">\n\t\t\t\t\t\t<div class=\"elementor-element elementor-element-f356ab9 aux-appear-watch-animation aux-fade-in-up elementor-widget elementor-widget-aux_modern_heading\" data-id=\"f356ab9\" data-element_type=\"widget\" data-widget_type=\"aux_modern_heading.default\">\n\t\t\t\t<div class=\"elementor-widget-container\">\n\t\t\t\t\t<section class=\"aux-widget-modern-heading\">\n            <div class=\"aux-widget-inner\"><h3 class=\"aux-modern-heading-primary\">Do you have a question?<\/h3><div class=\"aux-modern-heading-description\"><p>For questions, suggestions, ideas, feedback or kind comments, please contact me using the form below.<\/p>\n<p>Personally, I read every email and try to reply as soon as my schedule allows.<\/p>\n<\/div><\/div>\n        <\/section>\t\t\t\t<\/div>\n\t\t\t\t<\/div>\n\t\t\t\t<div class=\"elementor-element elementor-element-ecd1625 aux-appear-watch-animation aux-fade-in-up elementor-widget elementor-widget-aux_contact_form\" data-id=\"ecd1625\" data-element_type=\"widget\" data-widget_type=\"aux_contact_form.default\">\n\t\t\t\t<div class=\"elementor-widget-container\">\n\t\t\t\t\t<section class=\"widget-container aux-widget-contact-form aux-parent-au688dab98\">            <div class=\"aux-col-wrapper aux-no-gutter\">\n            <!-- @TODO - The output for element here -->\n\n            \n<div class=\"wpcf7 no-js\" id=\"wpcf7-f96-o1\" lang=\"sk-SK\" dir=\"ltr\" data-wpcf7-id=\"96\">\n<div class=\"screen-reader-response\"><p role=\"status\" aria-live=\"polite\" aria-atomic=\"true\"><\/p> <ul><\/ul><\/div>\n<form action=\"\/en\/wp-json\/wp\/v2\/pages\/1678#wpcf7-f96-o1\" method=\"post\" class=\"wpcf7-form init\" aria-label=\"Kontaktn\u00fd formul\u00e1r\" novalidate=\"novalidate\" data-status=\"init\">\n<div style=\"display: none;\">\n<input type=\"hidden\" name=\"_wpcf7\" value=\"96\" \/>\n<input type=\"hidden\" name=\"_wpcf7_version\" value=\"6.0.6\" \/>\n<input type=\"hidden\" name=\"_wpcf7_locale\" value=\"sk_SK\" \/>\n<input type=\"hidden\" name=\"_wpcf7_unit_tag\" value=\"wpcf7-f96-o1\" \/>\n<input type=\"hidden\" name=\"_wpcf7_container_post\" value=\"0\" \/>\n<input type=\"hidden\" name=\"_wpcf7_posted_data_hash\" value=\"\" \/>\n<input type=\"hidden\" name=\"_wpcf7_recaptcha_response\" value=\"\" \/>\n<\/div>\n<div class=\"part1\">\n<div class=\"left-part\"><span class=\"wpcf7-form-control-wrap\" data-name=\"text-290\"><input size=\"40\" maxlength=\"400\" class=\"wpcf7-form-control wpcf7-text\" aria-invalid=\"false\" placeholder=\"Va\u0161e meno\" value=\"\" type=\"text\" name=\"text-290\" \/><\/span><\/div>\n<div class=\"right-part\"><span class=\"wpcf7-form-control-wrap\" data-name=\"email-726\"><input size=\"40\" maxlength=\"400\" class=\"wpcf7-form-control wpcf7-email wpcf7-text wpcf7-validates-as-email\" aria-invalid=\"false\" placeholder=\"V\u00e1\u0161 email\" value=\"\" type=\"email\" name=\"email-726\" \/><\/span><\/div>\n<\/div>\n<div class=\"\"><span class=\"wpcf7-form-control-wrap\" data-name=\"tel-695\"><input size=\"40\" maxlength=\"400\" class=\"wpcf7-form-control wpcf7-tel wpcf7-text wpcf7-validates-as-tel\" aria-invalid=\"false\" placeholder=\"+421 XXX XXX XXX\" value=\"\" type=\"tel\" name=\"tel-695\" \/><\/span><\/div>\n\n\n<span class=\"wpcf7-form-control-wrap\" data-name=\"textarea-845\"><textarea cols=\"40\" rows=\"10\" maxlength=\"2000\" class=\"wpcf7-form-control wpcf7-textarea\" aria-invalid=\"false\" placeholder=\"Va\u0161a spr\u00e1va...\" name=\"textarea-845\"><\/textarea><\/span>\n\n<input class=\"wpcf7-form-control wpcf7-submit has-spinner\" type=\"submit\" value=\"Odosla\u0165 spr\u00e1vu\" \/><input type='hidden' class='wpcf7-pum' value='{\"closepopup\":false,\"closedelay\":0,\"openpopup\":false,\"openpopup_id\":0}' \/><div class=\"wpcf7-response-output\" aria-hidden=\"true\"><\/div>\n<\/form>\n<\/div>\n\n\n            <\/div><!-- aux-col-wrapper -->\n    <\/section><!-- widget-container -->\t\t\t\t<\/div>\n\t\t\t\t<\/div>\n\t\t\t\t\t<\/div>\n\t\t<\/div>\n\t\t\t\t<div class=\"aux-parallax-section elementor-column elementor-col-50 elementor-top-column elementor-element elementor-element-6d839a9\" data-id=\"6d839a9\" data-element_type=\"column\" data-settings=\"{&quot;background_background&quot;:&quot;classic&quot;}\">\n\t\t\t<div class=\"elementor-widget-wrap elementor-element-populated\">\n\t\t\t\t\t\t<div class=\"elementor-element elementor-element-366ea9f aux-appear-watch-animation aux-fade-in-up elementor-widget elementor-widget-aux_modern_heading\" data-id=\"366ea9f\" data-element_type=\"widget\" data-widget_type=\"aux_modern_heading.default\">\n\t\t\t\t<div class=\"elementor-widget-container\">\n\t\t\t\t\t<section class=\"aux-widget-modern-heading\">\n            <div class=\"aux-widget-inner\"><h3 class=\"aux-modern-heading-primary\">Other options<\/h3><\/div>\n        <\/section>\t\t\t\t<\/div>\n\t\t\t\t<\/div>\n\t\t\t\t<div class=\"elementor-element elementor-element-34a8aa4 aux-appear-watch-animation aux-fade-in-up elementor-hidden-desktop elementor-hidden-tablet elementor-hidden-mobile elementor-widget elementor-widget-aux_modern_heading\" data-id=\"34a8aa4\" data-element_type=\"widget\" data-widget_type=\"aux_modern_heading.default\">\n\t\t\t\t<div class=\"elementor-widget-container\">\n\t\t\t\t\t<section class=\"aux-widget-modern-heading\">\n            <div class=\"aux-widget-inner\"><h5 class=\"aux-modern-heading-primary\">Mgr. Simona Machora<\/h5><\/div>\n        <\/section>\t\t\t\t<\/div>\n\t\t\t\t<\/div>\n\t\t\t\t<div class=\"elementor-element elementor-element-470c60f aux-appear-watch-animation aux-fade-in-up elementor-widget elementor-widget-aux_modern_heading\" data-id=\"470c60f\" data-element_type=\"widget\" data-widget_type=\"aux_modern_heading.default\">\n\t\t\t\t<div class=\"elementor-widget-container\">\n\t\t\t\t\t<section class=\"aux-widget-modern-heading\">\n            <div class=\"aux-widget-inner\"><h3 class=\"aux-modern-heading-primary\">Email:  <\/h3><h5 class=\"aux-modern-heading-secondary\"><span class=\"aux-head-before\">ahoj@simonamacorova.com<\/span><\/h5><\/div>\n        <\/section>\t\t\t\t<\/div>\n\t\t\t\t<\/div>\n\t\t\t\t<div class=\"elementor-element elementor-element-83edcb5 aux-appear-watch-animation aux-fade-in-up elementor-hidden-desktop elementor-hidden-tablet elementor-hidden-mobile elementor-widget elementor-widget-aux_modern_heading\" data-id=\"83edcb5\" data-element_type=\"widget\" data-widget_type=\"aux_modern_heading.default\">\n\t\t\t\t<div class=\"elementor-widget-container\">\n\t\t\t\t\t<section class=\"aux-widget-modern-heading\">\n            <div class=\"aux-widget-inner\"><h5 class=\"aux-modern-heading-primary\">Address for consultation:  <\/h5><h5 class=\"aux-modern-heading-secondary\"><span class=\"aux-head-before\">Cukrov\u00e1 14, 811 08 Bratislava<\/span><\/h5><\/div>\n        <\/section>\t\t\t\t<\/div>\n\t\t\t\t<\/div>\n\t\t\t\t<div class=\"elementor-element elementor-element-e3cf310 aux-appear-watch-animation aux-fade-in-up elementor-widget elementor-widget-aux_modern_heading\" data-id=\"e3cf310\" data-element_type=\"widget\" data-widget_type=\"aux_modern_heading.default\">\n\t\t\t\t<div class=\"elementor-widget-container\">\n\t\t\t\t\t<section class=\"aux-widget-modern-heading\">\n            <div class=\"aux-widget-inner\"><h3 class=\"aux-modern-heading-primary\"><\/h3><h3 class=\"aux-modern-heading-secondary\"><span class=\"aux-head-before\">You can also find me on  <\/span><span class=\"aux-head-highlight\">social networks<\/span><\/h3><\/div>\n        <\/section>\t\t\t\t<\/div>\n\t\t\t\t<\/div>\n\t\t\t\t<div class=\"elementor-element elementor-element-0ae71ad e-grid-align-left aux-appear-watch-animation aux-fade-in-up elementor-shape-rounded elementor-grid-0 elementor-widget elementor-widget-social-icons\" data-id=\"0ae71ad\" data-element_type=\"widget\" data-widget_type=\"social-icons.default\">\n\t\t\t\t<div class=\"elementor-widget-container\">\n\t\t\t\t\t\t\t<div class=\"elementor-social-icons-wrapper elementor-grid\" role=\"list\">\n\t\t\t\t\t\t\t<span class=\"elementor-grid-item\" role=\"listitem\">\n\t\t\t\t\t<a class=\"elementor-icon elementor-social-icon elementor-social-icon-linkedin elementor-repeater-item-78f92a5\" href=\"https:\/\/www.linkedin.com\/in\/simonamacorova\/\" target=\"_blank\">\n\t\t\t\t\t\t<span class=\"elementor-screen-only\">Linkedin<\/span>\n\t\t\t\t\t\t<svg class=\"e-font-icon-svg e-fab-linkedin\" viewBox=\"0 0 448 512\" xmlns=\"http:\/\/www.w3.org\/2000\/svg\"><path d=\"M416 32H31.9C14.3 32 0 46.5 0 64.3v383.4C0 465.5 14.3 480 31.9 480H416c17.6 0 32-14.5 32-32.3V64.3c0-17.8-14.4-32.3-32-32.3zM135.4 416H69V202.2h66.5V416zm-33.2-243c-21.3 0-38.5-17.3-38.5-38.5S80.9 96 102.2 96c21.2 0 38.5 17.3 38.5 38.5 0 21.3-17.2 38.5-38.5 38.5zm282.1 243h-66.4V312c0-24.8-.5-56.7-34.5-56.7-34.6 0-39.9 27-39.9 54.9V416h-66.4V202.2h63.7v29.2h.9c8.9-16.8 30.6-34.5 62.9-34.5 67.2 0 79.7 44.3 79.7 101.9V416z\"><\/path><\/svg>\t\t\t\t\t<\/a>\n\t\t\t\t<\/span>\n\t\t\t\t\t\t\t<span class=\"elementor-grid-item\" role=\"listitem\">\n\t\t\t\t\t<a class=\"elementor-icon elementor-social-icon elementor-social-icon-instagram elementor-repeater-item-485b030\" href=\"https:\/\/www.instagram.com\/simonamacorova\/\" target=\"_blank\">\n\t\t\t\t\t\t<span class=\"elementor-screen-only\">Instagram<\/span>\n\t\t\t\t\t\t<svg class=\"e-font-icon-svg e-fab-instagram\" viewBox=\"0 0 448 512\" xmlns=\"http:\/\/www.w3.org\/2000\/svg\"><path d=\"M224.1 141c-63.6 0-114.9 51.3-114.9 114.9s51.3 114.9 114.9 114.9S339 319.5 339 255.9 287.7 141 224.1 141zm0 189.6c-41.1 0-74.7-33.5-74.7-74.7s33.5-74.7 74.7-74.7 74.7 33.5 74.7 74.7-33.6 74.7-74.7 74.7zm146.4-194.3c0 14.9-12 26.8-26.8 26.8-14.9 0-26.8-12-26.8-26.8s12-26.8 26.8-26.8 26.8 12 26.8 26.8zm76.1 27.2c-1.7-35.9-9.9-67.7-36.2-93.9-26.2-26.2-58-34.4-93.9-36.2-37-2.1-147.9-2.1-184.9 0-35.8 1.7-67.6 9.9-93.9 36.1s-34.4 58-36.2 93.9c-2.1 37-2.1 147.9 0 184.9 1.7 35.9 9.9 67.7 36.2 93.9s58 34.4 93.9 36.2c37 2.1 147.9 2.1 184.9 0 35.9-1.7 67.7-9.9 93.9-36.2 26.2-26.2 34.4-58 36.2-93.9 2.1-37 2.1-147.8 0-184.8zM398.8 388c-7.8 19.6-22.9 34.7-42.6 42.6-29.5 11.7-99.5 9-132.1 9s-102.7 2.6-132.1-9c-19.6-7.8-34.7-22.9-42.6-42.6-11.7-29.5-9-99.5-9-132.1s-2.6-102.7 9-132.1c7.8-19.6 22.9-34.7 42.6-42.6 29.5-11.7 99.5-9 132.1-9s102.7-2.6 132.1 9c19.6 7.8 34.7 22.9 42.6 42.6 11.7 29.5 9 99.5 9 132.1s2.7 102.7-9 132.1z\"><\/path><\/svg>\t\t\t\t\t<\/a>\n\t\t\t\t<\/span>\n\t\t\t\t\t\t\t<span class=\"elementor-grid-item\" role=\"listitem\">\n\t\t\t\t\t<a class=\"elementor-icon elementor-social-icon elementor-social-icon- elementor-repeater-item-2ad7ee0\" href=\"https:\/\/www.youtube.com\/channel\/UCj_K0EO0ERZ48J9mPkOHYxA\" target=\"_blank\">\n\t\t\t\t\t\t<span class=\"elementor-screen-only\"><\/span>\n\t\t\t\t\t\t<svg xmlns=\"http:\/\/www.w3.org\/2000\/svg\" width=\"29.41\" height=\"21.52\" viewBox=\"0 0 29.41 21.52\"><path d=\"M3897.891,5359.189c-4.412-.208-14.285-.208-18.7,0-4.622.207-5.251,3.119-5.251,10.605s.63,10.4,5.462,10.6c4.411.208,14.285.208,18.7,0,4.621-.207,5.252-3.118,5.252-10.6S3902.722,5359.4,3897.891,5359.189Zm-12.815,15.387v-9.565l9.664,4.784Z\" transform=\"translate(-3873.942 -5359.034)\" fill=\"#3e2424\"><\/path><\/svg>\t\t\t\t\t<\/a>\n\t\t\t\t<\/span>\n\t\t\t\t\t\t\t<span class=\"elementor-grid-item\" role=\"listitem\">\n\t\t\t\t\t<a class=\"elementor-icon elementor-social-icon elementor-social-icon- elementor-repeater-item-20d1330\" href=\"https:\/\/www.facebook.com\/relationshipandsexcoaching\" target=\"_blank\">\n\t\t\t\t\t\t<span class=\"elementor-screen-only\"><\/span>\n\t\t\t\t\t\t<svg xmlns=\"http:\/\/www.w3.org\/2000\/svg\" width=\"14.705\" height=\"26.584\" viewBox=\"0 0 14.705 26.584\"><path d=\"M3811.621,5356.005l-3.527-.005a6.121,6.121,0,0,0-6.523,6.543v3.016h-3.546a.548.548,0,0,0-.555.543v4.369a.547.547,0,0,0,.555.542h3.546v11.028a.549.549,0,0,0,.554.543h4.627a.548.548,0,0,0,.554-.543v-11.028h4.147a.546.546,0,0,0,.554-.542l0-4.369a.539.539,0,0,0-.162-.384.563.563,0,0,0-.393-.159h-4.148V5363c0-1.228.3-1.853,1.938-1.853h2.376a.549.549,0,0,0,.554-.541v-4.06A.548.548,0,0,0,3811.621,5356.005Z\" transform=\"translate(-3797.47 -5356)\" fill=\"#f38576\"><\/path><\/svg>\t\t\t\t\t<\/a>\n\t\t\t\t<\/span>\n\t\t\t\t\t\t\t<span class=\"elementor-grid-item\" role=\"listitem\">\n\t\t\t\t\t<a class=\"elementor-icon elementor-social-icon elementor-social-icon-goodreads elementor-repeater-item-73b89c6\" href=\"https:\/\/www.goodreads.com\/user\/show\/63631316-simona\" target=\"_blank\">\n\t\t\t\t\t\t<span class=\"elementor-screen-only\">Goodreads<\/span>\n\t\t\t\t\t\t<svg class=\"e-font-icon-svg e-fab-goodreads\" viewBox=\"0 0 448 512\" xmlns=\"http:\/\/www.w3.org\/2000\/svg\"><path d=\"M299.9 191.2c5.1 37.3-4.7 79-35.9 100.7-22.3 15.5-52.8 14.1-70.8 5.7-37.1-17.3-49.5-58.6-46.8-97.2 4.3-60.9 40.9-87.9 75.3-87.5 46.9-.2 71.8 31.8 78.2 78.3zM448 88v336c0 30.9-25.1 56-56 56H56c-30.9 0-56-25.1-56-56V88c0-30.9 25.1-56 56-56h336c30.9 0 56 25.1 56 56zM330 313.2s-.1-34-.1-217.3h-29v40.3c-.8.3-1.2-.5-1.6-1.2-9.6-20.7-35.9-46.3-76-46-51.9.4-87.2 31.2-100.6 77.8-4.3 14.9-5.8 30.1-5.5 45.6 1.7 77.9 45.1 117.8 112.4 115.2 28.9-1.1 54.5-17 69-45.2.5-1 1.1-1.9 1.7-2.9.2.1.4.1.6.2.3 3.8.2 30.7.1 34.5-.2 14.8-2 29.5-7.2 43.5-7.8 21-22.3 34.7-44.5 39.5-17.8 3.9-35.6 3.8-53.2-1.2-21.5-6.1-36.5-19-41.1-41.8-.3-1.6-1.3-1.3-2.3-1.3h-26.8c.8 10.6 3.2 20.3 8.5 29.2 24.2 40.5 82.7 48.5 128.2 37.4 49.9-12.3 67.3-54.9 67.4-106.3z\"><\/path><\/svg>\t\t\t\t\t<\/a>\n\t\t\t\t<\/span>\n\t\t\t\t\t\t\t<span class=\"elementor-grid-item\" role=\"listitem\">\n\t\t\t\t\t<a class=\"elementor-icon elementor-social-icon elementor-social-icon-spotify elementor-repeater-item-fd30846\" href=\"https:\/\/open.spotify.com\/playlist\/0iRHzTQTXaWSvQKHkfzfQj\" target=\"_blank\">\n\t\t\t\t\t\t<span class=\"elementor-screen-only\">Spotify<\/span>\n\t\t\t\t\t\t<svg class=\"e-font-icon-svg e-fab-spotify\" viewBox=\"0 0 496 512\" xmlns=\"http:\/\/www.w3.org\/2000\/svg\"><path d=\"M248 8C111.1 8 0 119.1 0 256s111.1 248 248 248 248-111.1 248-248S384.9 8 248 8zm100.7 364.9c-4.2 0-6.8-1.3-10.7-3.6-62.4-37.6-135-39.2-206.7-24.5-3.9 1-9 2.6-11.9 2.6-9.7 0-15.8-7.7-15.8-15.8 0-10.3 6.1-15.2 13.6-16.8 81.9-18.1 165.6-16.5 237 26.2 6.1 3.9 9.7 7.4 9.7 16.5s-7.1 15.4-15.2 15.4zm26.9-65.6c-5.2 0-8.7-2.3-12.3-4.2-62.5-37-155.7-51.9-238.6-29.4-4.8 1.3-7.4 2.6-11.9 2.6-10.7 0-19.4-8.7-19.4-19.4s5.2-17.8 15.5-20.7c27.8-7.8 56.2-13.6 97.8-13.6 64.9 0 127.6 16.1 177 45.5 8.1 4.8 11.3 11 11.3 19.7-.1 10.8-8.5 19.5-19.4 19.5zm31-76.2c-5.2 0-8.4-1.3-12.9-3.9-71.2-42.5-198.5-52.7-280.9-29.7-3.6 1-8.1 2.6-12.9 2.6-13.2 0-23.3-10.3-23.3-23.6 0-13.6 8.4-21.3 17.4-23.9 35.2-10.3 74.6-15.2 117.5-15.2 73 0 149.5 15.2 205.4 47.8 7.8 4.5 12.9 10.7 12.9 22.6 0 13.6-11 23.3-23.2 23.3z\"><\/path><\/svg>\t\t\t\t\t<\/a>\n\t\t\t\t<\/span>\n\t\t\t\t\t<\/div>\n\t\t\t\t\t\t<\/div>\n\t\t\t\t<\/div>\n\t\t\t\t\t<\/div>\n\t\t<\/div>\n\t\t\t\t\t<\/div>\n\t\t<\/section>\n\t\t\t\t<\/div>\n\t\t","protected":false},"excerpt":{"rendered":"<p>Contact Simona Ma\u010dorov\u00e1 &#8211; couple and sex coaching Do you have a question? For questions, suggestions, ideas, feedback or kind comments, please contact me using the form below. Personally, I read every email and try to reply as soon as my schedule allows. Other options Mgr. Simona Machora Email: ahoj@simonamacorova.com Address for consultation: Cukrov\u00e1 14, [&hellip;]<\/p>\n","protected":false},"author":1,"featured_media":0,"parent":0,"menu_order":0,"comment_status":"closed","ping_status":"closed","template":"templates\/page-builder-content.php","meta":{"footnotes":""},"class_list":["post-1678","page","type-page","status-publish","hentry"],"yoast_head":"<!-- This site is optimized with the Yoast SEO plugin v25.3 - https:\/\/yoast.com\/wordpress\/plugins\/seo\/ -->\n<title>Contact - Simona Ma\u010dorov\u00e1<\/title>\n<meta name=\"robots\" content=\"index, follow, max-snippet:-1, max-image-preview:large, max-video-preview:-1\" \/>\n<link rel=\"canonical\" href=\"https:\/\/www.simonamacorova.com\/en\/contact\/\" \/>\n<meta property=\"og:locale\" content=\"en_US\" \/>\n<meta property=\"og:type\" content=\"article\" \/>\n<meta property=\"og:title\" content=\"Contact - Simona Ma\u010dorov\u00e1\" \/>\n<meta property=\"og:description\" content=\"Contact Simona Ma\u010dorov\u00e1 &#8211; couple and sex coaching Do you have a question? For questions, suggestions, ideas, feedback or kind comments, please contact me using the form below. Personally, I read every email and try to reply as soon as my schedule allows. Other options Mgr. Simona Machora Email: ahoj@simonamacorova.com Address for consultation: Cukrov\u00e1 14, [&hellip;]\" \/>\n<meta property=\"og:url\" content=\"https:\/\/www.simonamacorova.com\/en\/contact\/\" \/>\n<meta property=\"og:site_name\" content=\"Simona Ma\u010dorov\u00e1\" \/>\n<meta property=\"article:publisher\" content=\"https:\/\/www.facebook.com\/relationshipandsexcoaching\" \/>\n<meta property=\"article:modified_time\" content=\"2025-06-13T14:38:53+00:00\" \/>\n<meta property=\"og:image\" content=\"https:\/\/www.simonamacorova.com\/wp-content\/uploads\/2023\/09\/DSC_4529-2-scaled.jpg\" \/>\n\t<meta property=\"og:image:width\" content=\"1706\" \/>\n\t<meta property=\"og:image:height\" content=\"2560\" \/>\n\t<meta property=\"og:image:type\" content=\"image\/jpeg\" \/>\n<meta name=\"twitter:card\" content=\"summary_large_image\" \/>\n<meta name=\"twitter:label1\" content=\"Est. reading time\" \/>\n\t<meta name=\"twitter:data1\" content=\"1 minute\" \/>\n<script type=\"application\/ld+json\" class=\"yoast-schema-graph\">{\"@context\":\"https:\/\/schema.org\",\"@graph\":[{\"@type\":\"WebPage\",\"@id\":\"https:\/\/www.simonamacorova.com\/en\/contact\/\",\"url\":\"https:\/\/www.simonamacorova.com\/en\/contact\/\",\"name\":\"Contact - Simona Ma\u010dorov\u00e1\",\"isPartOf\":{\"@id\":\"https:\/\/www.simonamacorova.com\/en\/#website\"},\"datePublished\":\"2021-10-03T05:48:30+00:00\",\"dateModified\":\"2025-06-13T14:38:53+00:00\",\"breadcrumb\":{\"@id\":\"https:\/\/www.simonamacorova.com\/en\/contact\/#breadcrumb\"},\"inLanguage\":\"en-US\",\"potentialAction\":[{\"@type\":\"ReadAction\",\"target\":[\"https:\/\/www.simonamacorova.com\/en\/contact\/\"]}]},{\"@type\":\"BreadcrumbList\",\"@id\":\"https:\/\/www.simonamacorova.com\/en\/contact\/#breadcrumb\",\"itemListElement\":[{\"@type\":\"ListItem\",\"position\":1,\"name\":\"Home\",\"item\":\"https:\/\/www.simonamacorova.com\/en\/\"},{\"@type\":\"ListItem\",\"position\":2,\"name\":\"Contact\"}]},{\"@type\":\"WebSite\",\"@id\":\"https:\/\/www.simonamacorova.com\/en\/#website\",\"url\":\"https:\/\/www.simonamacorova.com\/en\/\",\"name\":\"Simona Ma\u010dorov\u00e1\",\"description\":\"Partnersk\u00fd a Sex Kou\u010ding\",\"publisher\":{\"@id\":\"https:\/\/www.simonamacorova.com\/en\/#organization\"},\"potentialAction\":[{\"@type\":\"SearchAction\",\"target\":{\"@type\":\"EntryPoint\",\"urlTemplate\":\"https:\/\/www.simonamacorova.com\/en\/?s={search_term_string}\"},\"query-input\":{\"@type\":\"PropertyValueSpecification\",\"valueRequired\":true,\"valueName\":\"search_term_string\"}}],\"inLanguage\":\"en-US\"},{\"@type\":\"Organization\",\"@id\":\"https:\/\/www.simonamacorova.com\/en\/#organization\",\"name\":\"Simona Ma\u010dorov\u00e1\",\"url\":\"https:\/\/www.simonamacorova.com\/en\/\",\"logo\":{\"@type\":\"ImageObject\",\"inLanguage\":\"en-US\",\"@id\":\"https:\/\/www.simonamacorova.com\/en\/#\/schema\/logo\/image\/\",\"url\":\"https:\/\/www.simonamacorova.com\/wp-content\/uploads\/2023\/06\/Logo_Simona_Macorova_red.svg\",\"contentUrl\":\"https:\/\/www.simonamacorova.com\/wp-content\/uploads\/2023\/06\/Logo_Simona_Macorova_red.svg\",\"caption\":\"Simona Ma\u010dorov\u00e1\"},\"image\":{\"@id\":\"https:\/\/www.simonamacorova.com\/en\/#\/schema\/logo\/image\/\"},\"sameAs\":[\"https:\/\/www.facebook.com\/relationshipandsexcoaching\",\"https:\/\/www.instagram.com\/simonamacorova\/\",\"https:\/\/www.youtube.com\/channel\/UCj_K0EO0ERZ48J9mPkOHYxA\",\"https:\/\/www.linkedin.com\/in\/simonamacorova\/\",\"https:\/\/www.goodreads.com\/user\/show\/63631316-simona\",\"https:\/\/open.spotify.com\/playlist\/0iRHzTQTXaWSvQKHkfzfQj\"]}]}<\/script>\n<!-- \/ Yoast SEO plugin. -->","yoast_head_json":{"title":"Contact - Simona Ma\u010dorov\u00e1","robots":{"index":"index","follow":"follow","max-snippet":"max-snippet:-1","max-image-preview":"max-image-preview:large","max-video-preview":"max-video-preview:-1"},"canonical":"https:\/\/www.simonamacorova.com\/en\/contact\/","og_locale":"en_US","og_type":"article","og_title":"Contact - Simona Ma\u010dorov\u00e1","og_description":"Contact Simona Ma\u010dorov\u00e1 &#8211; couple and sex coaching Do you have a question? For questions, suggestions, ideas, feedback or kind comments, please contact me using the form below. Personally, I read every email and try to reply as soon as my schedule allows. Other options Mgr. Simona Machora Email: ahoj@simonamacorova.com Address for consultation: Cukrov\u00e1 14, [&hellip;]","og_url":"https:\/\/www.simonamacorova.com\/en\/contact\/","og_site_name":"Simona Ma\u010dorov\u00e1","article_publisher":"https:\/\/www.facebook.com\/relationshipandsexcoaching","article_modified_time":"2025-06-13T14:38:53+00:00","og_image":[{"width":1706,"height":2560,"url":"https:\/\/www.simonamacorova.com\/wp-content\/uploads\/2023\/09\/DSC_4529-2-scaled.jpg","type":"image\/jpeg"}],"twitter_card":"summary_large_image","twitter_misc":{"Est. reading time":"1 minute"},"schema":{"@context":"https:\/\/schema.org","@graph":[{"@type":"WebPage","@id":"https:\/\/www.simonamacorova.com\/en\/contact\/","url":"https:\/\/www.simonamacorova.com\/en\/contact\/","name":"Contact - Simona Ma\u010dorov\u00e1","isPartOf":{"@id":"https:\/\/www.simonamacorova.com\/en\/#website"},"datePublished":"2021-10-03T05:48:30+00:00","dateModified":"2025-06-13T14:38:53+00:00","breadcrumb":{"@id":"https:\/\/www.simonamacorova.com\/en\/contact\/#breadcrumb"},"inLanguage":"en-US","potentialAction":[{"@type":"ReadAction","target":["https:\/\/www.simonamacorova.com\/en\/contact\/"]}]},{"@type":"BreadcrumbList","@id":"https:\/\/www.simonamacorova.com\/en\/contact\/#breadcrumb","itemListElement":[{"@type":"ListItem","position":1,"name":"Home","item":"https:\/\/www.simonamacorova.com\/en\/"},{"@type":"ListItem","position":2,"name":"Contact"}]},{"@type":"WebSite","@id":"https:\/\/www.simonamacorova.com\/en\/#website","url":"https:\/\/www.simonamacorova.com\/en\/","name":"Simona Ma\u010dorov\u00e1","description":"Partnersk\u00fd a Sex Kou\u010ding","publisher":{"@id":"https:\/\/www.simonamacorova.com\/en\/#organization"},"potentialAction":[{"@type":"SearchAction","target":{"@type":"EntryPoint","urlTemplate":"https:\/\/www.simonamacorova.com\/en\/?s={search_term_string}"},"query-input":{"@type":"PropertyValueSpecification","valueRequired":true,"valueName":"search_term_string"}}],"inLanguage":"en-US"},{"@type":"Organization","@id":"https:\/\/www.simonamacorova.com\/en\/#organization","name":"Simona Ma\u010dorov\u00e1","url":"https:\/\/www.simonamacorova.com\/en\/","logo":{"@type":"ImageObject","inLanguage":"en-US","@id":"https:\/\/www.simonamacorova.com\/en\/#\/schema\/logo\/image\/","url":"https:\/\/www.simonamacorova.com\/wp-content\/uploads\/2023\/06\/Logo_Simona_Macorova_red.svg","contentUrl":"https:\/\/www.simonamacorova.com\/wp-content\/uploads\/2023\/06\/Logo_Simona_Macorova_red.svg","caption":"Simona Ma\u010dorov\u00e1"},"image":{"@id":"https:\/\/www.simonamacorova.com\/en\/#\/schema\/logo\/image\/"},"sameAs":["https:\/\/www.facebook.com\/relationshipandsexcoaching","https:\/\/www.instagram.com\/simonamacorova\/","https:\/\/www.youtube.com\/channel\/UCj_K0EO0ERZ48J9mPkOHYxA","https:\/\/www.linkedin.com\/in\/simonamacorova\/","https:\/\/www.goodreads.com\/user\/show\/63631316-simona","https:\/\/open.spotify.com\/playlist\/0iRHzTQTXaWSvQKHkfzfQj"]}]}},"_links":{"self":[{"href":"https:\/\/www.simonamacorova.com\/en\/wp-json\/wp\/v2\/pages\/1678","targetHints":{"allow":["GET"]}}],"collection":[{"href":"https:\/\/www.simonamacorova.com\/en\/wp-json\/wp\/v2\/pages"}],"about":[{"href":"https:\/\/www.simonamacorova.com\/en\/wp-json\/wp\/v2\/types\/page"}],"author":[{"embeddable":true,"href":"https:\/\/www.simonamacorova.com\/en\/wp-json\/wp\/v2\/users\/1"}],"replies":[{"embeddable":true,"href":"https:\/\/www.simonamacorova.com\/en\/wp-json\/wp\/v2\/comments?post=1678"}],"version-history":[{"count":6,"href":"https:\/\/www.simonamacorova.com\/en\/wp-json\/wp\/v2\/pages\/1678\/revisions"}],"predecessor-version":[{"id":1699,"href":"https:\/\/www.simonamacorova.com\/en\/wp-json\/wp\/v2\/pages\/1678\/revisions\/1699"}],"wp:attachment":[{"href":"https:\/\/www.simonamacorova.com\/en\/wp-json\/wp\/v2\/media?parent=1678"}],"curies":[{"name":"wp","href":"https:\/\/api.w.org\/{rel}","templated":true}]}}